{"id":646,"date":"2021-08-05T10:20:17","date_gmt":"2021-08-05T10:20:17","guid":{"rendered":"https:\/\/www.ijh.eus\/?page_id=646"},"modified":"2026-04-16T06:58:16","modified_gmt":"2026-04-16T06:58:16","slug":"bailara","status":"publish","type":"page","link":"https:\/\/www.ijh.eus\/fr\/bailara\/","title":{"rendered":"Bailara"},"content":{"rendered":"\t\t<div data-elementor-type=\"wp-page\" data-elementor-id=\"646\" class=\"elementor elementor-646 elementor-383\" data-elementor-post-type=\"page\">\n\t\t\t\t\t\t<section class=\"elementor-section elementor-top-section elementor-element elementor-element-db3a010 elementor-section-full_width elementor-hidden-desktop elementor-section-height-default elementor-section-height-default\" data-id=\"db3a010\" data-element_type=\"section\" data-e-type=\"section\" data-settings=\"{&quot;background_background&quot;:&quot;classic&quot;}\">\n\t\t\t\t\t\t<div class=\"elementor-container elementor-column-gap-default\">\n\t\t\t\t\t<div class=\"elementor-column elementor-col-50 elementor-top-column elementor-element elementor-element-03524dc\" data-id=\"03524dc\" data-element_type=\"column\" data-e-type=\"column\">\n\t\t\t<div class=\"elementor-widget-wrap\">\n\t\t\t\t\t\t\t<\/div>\n\t\t<\/div>\n\t\t\t\t<div class=\"elementor-column elementor-col-50 elementor-top-column elementor-element elementor-element-c1c5f01\" data-id=\"c1c5f01\" data-element_type=\"column\" data-e-type=\"column\">\n\t\t\t<div class=\"elementor-widget-wrap elementor-element-populated\">\n\t\t\t\t\t\t<div class=\"elementor-element elementor-element-9b651bd elementor-widget elementor-widget-image\" data-id=\"9b651bd\" data-element_type=\"widget\" data-e-type=\"widget\" data-widget_type=\"image.default\">\n\t\t\t\t<div class=\"elementor-widget-container\">\n\t\t\t\t\t\t\t\t\t\t\t\t\t\t\t<img fetchpriority=\"high\" decoding=\"async\" width=\"442\" height=\"178\" src=\"https:\/\/www.ijh.eus\/wp-content\/uploads\/2021\/08\/bailara-icono.png\" class=\"attachment-large size-large wp-image-649\" alt=\"\" srcset=\"https:\/\/www.ijh.eus\/wp-content\/uploads\/2021\/08\/bailara-icono.png 442w, https:\/\/www.ijh.eus\/wp-content\/uploads\/2021\/08\/bailara-icono-300x121.png 300w\" sizes=\"(max-width: 442px) 100vw, 442px\" \/>\t\t\t\t\t\t\t\t\t\t\t\t\t\t\t<\/div>\n\t\t\t\t<\/div>\n\t\t\t\t\t<\/div>\n\t\t<\/div>\n\t\t\t\t\t<\/div>\n\t\t<\/section>\n\t\t\t\t<section class=\"elementor-section elementor-top-section elementor-element elementor-element-6b06202 elementor-section-full_width elementor-hidden-desktop elementor-section-stretched elementor-section-height-default elementor-section-height-default\" data-id=\"6b06202\" data-element_type=\"section\" data-e-type=\"section\" data-settings=\"{&quot;background_background&quot;:&quot;classic&quot;,&quot;stretch_section&quot;:&quot;section-stretched&quot;}\">\n\t\t\t\t\t\t<div class=\"elementor-container elementor-column-gap-default\">\n\t\t\t\t\t<div class=\"elementor-column elementor-col-100 elementor-top-column elementor-element elementor-element-dd25b89\" data-id=\"dd25b89\" data-element_type=\"column\" data-e-type=\"column\" data-settings=\"{&quot;background_background&quot;:&quot;classic&quot;}\">\n\t\t\t<div class=\"elementor-widget-wrap elementor-element-populated\">\n\t\t\t\t\t\t<div class=\"elementor-element elementor-element-8a3e853 elementor-widget elementor-widget-image\" data-id=\"8a3e853\" data-element_type=\"widget\" data-e-type=\"widget\" data-widget_type=\"image.default\">\n\t\t\t\t<div class=\"elementor-widget-container\">\n\t\t\t\t\t\t\t\t\t\t\t\t\t\t\t<img decoding=\"async\" width=\"793\" height=\"435\" src=\"https:\/\/www.ijh.eus\/wp-content\/uploads\/2021\/08\/Bailara-restaurante-identidad.png\" class=\"attachment-full size-full wp-image-617\" alt=\"\" srcset=\"https:\/\/www.ijh.eus\/wp-content\/uploads\/2021\/08\/Bailara-restaurante-identidad.png 793w, https:\/\/www.ijh.eus\/wp-content\/uploads\/2021\/08\/Bailara-restaurante-identidad-300x165.png 300w, https:\/\/www.ijh.eus\/wp-content\/uploads\/2021\/08\/Bailara-restaurante-identidad-768x421.png 768w\" sizes=\"(max-width: 793px) 100vw, 793px\" \/>\t\t\t\t\t\t\t\t\t\t\t\t\t\t\t<\/div>\n\t\t\t\t<\/div>\n\t\t\t\t<div class=\"elementor-element elementor-element-1fea064 elementor-widget elementor-widget-image\" data-id=\"1fea064\" data-element_type=\"widget\" data-e-type=\"widget\" data-widget_type=\"image.default\">\n\t\t\t\t<div class=\"elementor-widget-container\">\n\t\t\t\t\t\t\t\t\t\t\t\t\t\t\t<img decoding=\"async\" width=\"800\" height=\"599\" src=\"https:\/\/www.ijh.eus\/wp-content\/uploads\/2021\/08\/Bailara-restaurante-inicio-1024x767.jpg\" class=\"attachment-large size-large wp-image-648\" alt=\"\" srcset=\"https:\/\/www.ijh.eus\/wp-content\/uploads\/2021\/08\/Bailara-restaurante-inicio-1024x767.jpg 1024w, https:\/\/www.ijh.eus\/wp-content\/uploads\/2021\/08\/Bailara-restaurante-inicio-300x225.jpg 300w, https:\/\/www.ijh.eus\/wp-content\/uploads\/2021\/08\/Bailara-restaurante-inicio-768x575.jpg 768w, https:\/\/www.ijh.eus\/wp-content\/uploads\/2021\/08\/Bailara-restaurante-inicio.jpg 1500w\" sizes=\"(max-width: 800px) 100vw, 800px\" \/>\t\t\t\t\t\t\t\t\t\t\t\t\t\t\t<\/div>\n\t\t\t\t<\/div>\n\t\t\t\t<div class=\"elementor-element elementor-element-fcf5700 elementor-widget elementor-widget-heading\" data-id=\"fcf5700\" data-element_type=\"widget\" data-e-type=\"widget\" data-widget_type=\"heading.default\">\n\t\t\t\t<div class=\"elementor-widget-container\">\n\t\t\t\t\t<h2 class=\"elementor-heading-title elementor-size-default\"><strong>Restaurant gastronomique Bailara by Enrique Fleischmann.<\/strong>\nUne cuisine d\u2019auteur, cr\u00e9ative, simple et honn\u00eate o\u00f9 vous pouvez\nsentir la tradition et l\u2019innovation et avec un protagonista principal\nle go\u00fbt. Vous pourrez d\u00e9couvrir l\u2019essence de notre cuisine avec\nnotre <strong>Menu d\u00e9gustation.<\/h2>\t\t\t\t<\/div>\n\t\t\t\t<\/div>\n\t\t\t\t\t<\/div>\n\t\t<\/div>\n\t\t\t\t\t<\/div>\n\t\t<\/section>\n\t\t\t\t<section class=\"elementor-section elementor-top-section elementor-element elementor-element-81d1499 elementor-section-full_width elementor-hidden-desktop elementor-section-height-default elementor-section-height-default\" data-id=\"81d1499\" data-element_type=\"section\" data-e-type=\"section\" data-settings=\"{&quot;background_background&quot;:&quot;classic&quot;}\">\n\t\t\t\t\t\t<div class=\"elementor-container elementor-column-gap-default\">\n\t\t\t\t\t<div class=\"elementor-column elementor-col-100 elementor-top-column elementor-element elementor-element-66f9ff7\" data-id=\"66f9ff7\" data-element_type=\"column\" data-e-type=\"column\">\n\t\t\t<div class=\"elementor-widget-wrap elementor-element-populated\">\n\t\t\t\t\t\t<div class=\"elementor-element elementor-element-3397eff elementor-widget-divider--view-line elementor-widget elementor-widget-divider\" data-id=\"3397eff\" data-element_type=\"widget\" data-e-type=\"widget\" data-widget_type=\"divider.default\">\n\t\t\t\t<div class=\"elementor-widget-container\">\n\t\t\t\t\t\t\t<div class=\"elementor-divider\">\n\t\t\t<span class=\"elementor-divider-separator\">\n\t\t\t\t\t\t<\/span>\n\t\t<\/div>\n\t\t\t\t\t\t<\/div>\n\t\t\t\t<\/div>\n\t\t\t\t<div class=\"elementor-element elementor-element-778cbde elementor-view-default elementor-widget elementor-widget-icon\" data-id=\"778cbde\" data-element_type=\"widget\" data-e-type=\"widget\" data-widget_type=\"icon.default\">\n\t\t\t\t<div class=\"elementor-widget-container\">\n\t\t\t\t\t\t\t<div class=\"elementor-icon-wrapper\">\n\t\t\t<div class=\"elementor-icon\">\n\t\t\t<i aria-hidden=\"true\" class=\"far fa-clock\"><\/i>\t\t\t<\/div>\n\t\t<\/div>\n\t\t\t\t\t\t<\/div>\n\t\t\t\t<\/div>\n\t\t\t\t<div class=\"elementor-element elementor-element-2d2fb55 elementor-widget elementor-widget-heading\" data-id=\"2d2fb55\" data-element_type=\"widget\" data-e-type=\"widget\" data-widget_type=\"heading.default\">\n\t\t\t\t<div class=\"elementor-widget-container\">\n\t\t\t\t\t<h2 class=\"elementor-heading-title elementor-size-default\">D\u00e9jeuner: de 13h00 \u00e0 14h30,<br>fermeture \u00e0 16h30<\/h2>\t\t\t\t<\/div>\n\t\t\t\t<\/div>\n\t\t\t\t<div class=\"elementor-element elementor-element-317c4a3 elementor-widget elementor-widget-heading\" data-id=\"317c4a3\" data-element_type=\"widget\" data-e-type=\"widget\" data-widget_type=\"heading.default\">\n\t\t\t\t<div class=\"elementor-widget-container\">\n\t\t\t\t\t<h2 class=\"elementor-heading-title elementor-size-default\">D\u00eener: de 20h00 \u00e0 21h00,<br>fermeture \u00e0 23h00<\/h2>\t\t\t\t<\/div>\n\t\t\t\t<\/div>\n\t\t\t\t<div class=\"elementor-element elementor-element-a7b2f99 elementor-widget elementor-widget-heading\" data-id=\"a7b2f99\" data-element_type=\"widget\" data-e-type=\"widget\" data-widget_type=\"heading.default\">\n\t\t\t\t<div class=\"elementor-widget-container\">\n\t\t\t\t\t<h2 class=\"elementor-heading-title elementor-size-default\">R\u00e9servation pr\u00e9alable indispensable.<\/h2>\t\t\t\t<\/div>\n\t\t\t\t<\/div>\n\t\t\t\t<div class=\"elementor-element elementor-element-321c04d elementor-widget elementor-widget-heading\" data-id=\"321c04d\" data-element_type=\"widget\" data-e-type=\"widget\" data-widget_type=\"heading.default\">\n\t\t\t\t<div class=\"elementor-widget-container\">\n\t\t\t\t\t<h2 class=\"elementor-heading-title elementor-size-default\">Ouvert de jeudi au dimanche.<\/h2>\t\t\t\t<\/div>\n\t\t\t\t<\/div>\n\t\t\t\t\t<\/div>\n\t\t<\/div>\n\t\t\t\t\t<\/div>\n\t\t<\/section>\n\t\t\t\t<section class=\"elementor-section elementor-top-section elementor-element elementor-element-c8db300 elementor-section-full_width elementor-hidden-desktop elementor-section-height-default elementor-section-height-default\" data-id=\"c8db300\" data-element_type=\"section\" data-e-type=\"section\" data-settings=\"{&quot;background_background&quot;:&quot;classic&quot;}\">\n\t\t\t\t\t\t<div class=\"elementor-container elementor-column-gap-default\">\n\t\t\t\t\t<div class=\"elementor-column elementor-col-100 elementor-top-column elementor-element elementor-element-8cc4428\" data-id=\"8cc4428\" data-element_type=\"column\" data-e-type=\"column\">\n\t\t\t<div class=\"elementor-widget-wrap elementor-element-populated\">\n\t\t\t\t\t\t<div class=\"elementor-element elementor-element-600c3e1 elementor-widget elementor-widget-image\" data-id=\"600c3e1\" data-element_type=\"widget\" data-e-type=\"widget\" data-widget_type=\"image.default\">\n\t\t\t\t<div class=\"elementor-widget-container\">\n\t\t\t\t\t\t\t\t\t\t\t\t\t\t\t<img loading=\"lazy\" decoding=\"async\" width=\"702\" height=\"865\" src=\"https:\/\/www.ijh.eus\/wp-content\/uploads\/2021\/08\/Iriarte-jauregia-identidad-corporativa-letras.png\" class=\"attachment-large size-large wp-image-124\" alt=\"\" srcset=\"https:\/\/www.ijh.eus\/wp-content\/uploads\/2021\/08\/Iriarte-jauregia-identidad-corporativa-letras.png 702w, https:\/\/www.ijh.eus\/wp-content\/uploads\/2021\/08\/Iriarte-jauregia-identidad-corporativa-letras-243x300.png 243w\" sizes=\"(max-width: 702px) 100vw, 702px\" \/>\t\t\t\t\t\t\t\t\t\t\t\t\t\t\t<\/div>\n\t\t\t\t<\/div>\n\t\t\t\t\t<\/div>\n\t\t<\/div>\n\t\t\t\t\t<\/div>\n\t\t<\/section>\n\t\t\t\t<\/div>\n\t\t","protected":false},"excerpt":{"rendered":"<p>Restaurant gastronomique Bailara by Enrique Fleischmann. Une cuisine d\u2019auteur, cr\u00e9ative, simple et honn\u00eate o\u00f9 vous pouvez sentir la tradition et l\u2019innovation et avec un protagonista principal le go\u00fbt. Vous pourrez d\u00e9couvrir l\u2019essence de notre cuisine avec notre Menu d\u00e9gustation. D\u00e9jeuner: de 13h00 \u00e0 14h30,fermeture \u00e0 16h30 D\u00eener: de 20h00 \u00e0 21h00,fermeture \u00e0 23h00 R\u00e9servation pr\u00e9alable [&hellip;]<\/p>\n","protected":false},"author":1,"featured_media":0,"parent":0,"menu_order":0,"comment_status":"closed","ping_status":"closed","template":"elementor_canvas","meta":{"footnotes":""},"class_list":["post-646","page","type-page","status-publish","hentry"],"_links":{"self":[{"href":"https:\/\/www.ijh.eus\/fr\/wp-json\/wp\/v2\/pages\/646","targetHints":{"allow":["GET"]}}],"collection":[{"href":"https:\/\/www.ijh.eus\/fr\/wp-json\/wp\/v2\/pages"}],"about":[{"href":"https:\/\/www.ijh.eus\/fr\/wp-json\/wp\/v2\/types\/page"}],"author":[{"embeddable":true,"href":"https:\/\/www.ijh.eus\/fr\/wp-json\/wp\/v2\/users\/1"}],"replies":[{"embeddable":true,"href":"https:\/\/www.ijh.eus\/fr\/wp-json\/wp\/v2\/comments?post=646"}],"version-history":[{"count":28,"href":"https:\/\/www.ijh.eus\/fr\/wp-json\/wp\/v2\/pages\/646\/revisions"}],"predecessor-version":[{"id":1221,"href":"https:\/\/www.ijh.eus\/fr\/wp-json\/wp\/v2\/pages\/646\/revisions\/1221"}],"wp:attachment":[{"href":"https:\/\/www.ijh.eus\/fr\/wp-json\/wp\/v2\/media?parent=646"}],"curies":[{"name":"wp","href":"https:\/\/api.w.org\/{rel}","templated":true}]}}