{"id":654,"date":"2021-08-05T10:25:55","date_gmt":"2021-08-05T10:25:55","guid":{"rendered":"https:\/\/www.ijh.eus\/?page_id=654"},"modified":"2026-04-16T07:08:51","modified_gmt":"2026-04-16T07:08:51","slug":"bistro","status":"publish","type":"page","link":"https:\/\/www.ijh.eus\/fr\/bistro\/","title":{"rendered":"Bistro"},"content":{"rendered":"\t\t<div data-elementor-type=\"wp-page\" data-elementor-id=\"654\" class=\"elementor elementor-654 elementor-540\" data-elementor-post-type=\"page\">\n\t\t\t\t\t\t<section class=\"elementor-section elementor-top-section elementor-element elementor-element-f3a703c elementor-section-full_width elementor-hidden-desktop elementor-section-height-default elementor-section-height-default\" data-id=\"f3a703c\" data-element_type=\"section\" data-e-type=\"section\" data-settings=\"{&quot;background_background&quot;:&quot;classic&quot;}\">\n\t\t\t\t\t\t<div class=\"elementor-container elementor-column-gap-default\">\n\t\t\t\t\t<div class=\"elementor-column elementor-col-50 elementor-top-column elementor-element elementor-element-1381560\" data-id=\"1381560\" data-element_type=\"column\" data-e-type=\"column\">\n\t\t\t<div class=\"elementor-widget-wrap elementor-element-populated\">\n\t\t\t\t\t\t<div class=\"elementor-element elementor-element-b0f4099 elementor-mobile-align-left elementor-widget elementor-widget-button\" data-id=\"b0f4099\" data-element_type=\"widget\" data-e-type=\"widget\" data-widget_type=\"button.default\">\n\t\t\t\t<div class=\"elementor-widget-container\">\n\t\t\t\t\t\t\t\t\t<div class=\"elementor-button-wrapper\">\n\t\t\t\t\t<a class=\"elementor-button elementor-button-link elementor-size-sm\" href=\"https:\/\/www.ijh.eus\/carta-bistro\/BISTRO_FR.pdf\">\n\t\t\t\t\t\t<span class=\"elementor-button-content-wrapper\">\n\t\t\t\t\t\t\t\t\t<span class=\"elementor-button-text\">T\u00c9L\u00c9CHARGEZ LE MENU<\/span>\n\t\t\t\t\t<\/span>\n\t\t\t\t\t<\/a>\n\t\t\t\t<\/div>\n\t\t\t\t\t\t\t\t<\/div>\n\t\t\t\t<\/div>\n\t\t\t\t\t<\/div>\n\t\t<\/div>\n\t\t\t\t<div class=\"elementor-column elementor-col-50 elementor-top-column elementor-element elementor-element-cfac908\" data-id=\"cfac908\" data-element_type=\"column\" data-e-type=\"column\">\n\t\t\t<div class=\"elementor-widget-wrap elementor-element-populated\">\n\t\t\t\t\t\t<div class=\"elementor-element elementor-element-f038bee elementor-widget elementor-widget-image\" data-id=\"f038bee\" data-element_type=\"widget\" data-e-type=\"widget\" data-widget_type=\"image.default\">\n\t\t\t\t<div class=\"elementor-widget-container\">\n\t\t\t\t\t\t\t\t\t\t\t\t\t\t\t<img fetchpriority=\"high\" decoding=\"async\" width=\"433\" height=\"453\" src=\"https:\/\/www.ijh.eus\/wp-content\/uploads\/2021\/08\/Bistro-icono.png\" class=\"attachment-large size-large wp-image-729\" alt=\"\" srcset=\"https:\/\/www.ijh.eus\/wp-content\/uploads\/2021\/08\/Bistro-icono.png 433w, https:\/\/www.ijh.eus\/wp-content\/uploads\/2021\/08\/Bistro-icono-287x300.png 287w\" sizes=\"(max-width: 433px) 100vw, 433px\" \/>\t\t\t\t\t\t\t\t\t\t\t\t\t\t\t<\/div>\n\t\t\t\t<\/div>\n\t\t\t\t\t<\/div>\n\t\t<\/div>\n\t\t\t\t\t<\/div>\n\t\t<\/section>\n\t\t\t\t<section class=\"elementor-section elementor-top-section elementor-element elementor-element-6b06202 elementor-section-full_width elementor-hidden-desktop elementor-section-stretched elementor-section-height-default elementor-section-height-default\" data-id=\"6b06202\" data-element_type=\"section\" data-e-type=\"section\" data-settings=\"{&quot;background_background&quot;:&quot;classic&quot;,&quot;stretch_section&quot;:&quot;section-stretched&quot;}\">\n\t\t\t\t\t\t<div class=\"elementor-container elementor-column-gap-default\">\n\t\t\t\t\t<div class=\"elementor-column elementor-col-100 elementor-top-column elementor-element elementor-element-dd25b89\" data-id=\"dd25b89\" data-element_type=\"column\" data-e-type=\"column\" data-settings=\"{&quot;background_background&quot;:&quot;classic&quot;}\">\n\t\t\t<div class=\"elementor-widget-wrap elementor-element-populated\">\n\t\t\t\t\t\t<div class=\"elementor-element elementor-element-8a3e853 elementor-widget elementor-widget-image\" data-id=\"8a3e853\" data-element_type=\"widget\" data-e-type=\"widget\" data-widget_type=\"image.default\">\n\t\t\t\t<div class=\"elementor-widget-container\">\n\t\t\t\t\t\t\t\t\t\t\t\t\t\t\t<img decoding=\"async\" width=\"791\" height=\"640\" src=\"https:\/\/www.ijh.eus\/wp-content\/uploads\/2021\/08\/Bistro-restaurante-identidad.png\" class=\"attachment-full size-full wp-image-618\" alt=\"\" srcset=\"https:\/\/www.ijh.eus\/wp-content\/uploads\/2021\/08\/Bistro-restaurante-identidad.png 791w, https:\/\/www.ijh.eus\/wp-content\/uploads\/2021\/08\/Bistro-restaurante-identidad-300x243.png 300w, https:\/\/www.ijh.eus\/wp-content\/uploads\/2021\/08\/Bistro-restaurante-identidad-768x621.png 768w\" sizes=\"(max-width: 791px) 100vw, 791px\" \/>\t\t\t\t\t\t\t\t\t\t\t\t\t\t\t<\/div>\n\t\t\t\t<\/div>\n\t\t\t\t<div class=\"elementor-element elementor-element-fcf5700 elementor-widget elementor-widget-heading\" data-id=\"fcf5700\" data-element_type=\"widget\" data-e-type=\"widget\" data-widget_type=\"heading.default\">\n\t\t\t\t<div class=\"elementor-widget-container\">\n\t\t\t\t\t<h2 class=\"elementor-heading-title elementor-size-default\"><strong>Bistr\u00f3 IJH.<\/strong><br>\nLa version traditionnelle et familiale de la cuisine de notre chef.<br><br>Un espace gastronomique qui met en valeur une cuisine de qualit\u00e9, des recettes simples, traditionnelles et amusantes, por vous faire\nvivre des exp\u00e9riences culinaires.<\/h2>\t\t\t\t<\/div>\n\t\t\t\t<\/div>\n\t\t\t\t<div class=\"elementor-element elementor-element-06f4cdc elementor-widget-divider--view-line elementor-widget elementor-widget-divider\" data-id=\"06f4cdc\" data-element_type=\"widget\" data-e-type=\"widget\" data-widget_type=\"divider.default\">\n\t\t\t\t<div class=\"elementor-widget-container\">\n\t\t\t\t\t\t\t<div class=\"elementor-divider\">\n\t\t\t<span class=\"elementor-divider-separator\">\n\t\t\t\t\t\t<\/span>\n\t\t<\/div>\n\t\t\t\t\t\t<\/div>\n\t\t\t\t<\/div>\n\t\t\t\t<div class=\"elementor-element elementor-element-d2140f6 elementor-view-default elementor-widget elementor-widget-icon\" data-id=\"d2140f6\" data-element_type=\"widget\" data-e-type=\"widget\" data-widget_type=\"icon.default\">\n\t\t\t\t<div class=\"elementor-widget-container\">\n\t\t\t\t\t\t\t<div class=\"elementor-icon-wrapper\">\n\t\t\t<div class=\"elementor-icon\">\n\t\t\t<i aria-hidden=\"true\" class=\"far fa-clock\"><\/i>\t\t\t<\/div>\n\t\t<\/div>\n\t\t\t\t\t\t<\/div>\n\t\t\t\t<\/div>\n\t\t\t\t<div class=\"elementor-element elementor-element-abffc6f elementor-widget elementor-widget-heading\" data-id=\"abffc6f\" data-element_type=\"widget\" data-e-type=\"widget\" data-widget_type=\"heading.default\">\n\t\t\t\t<div class=\"elementor-widget-container\">\n\t\t\t\t\t<h2 class=\"elementor-heading-title elementor-size-default\">D\u00e9jeuner: de 13h00 \u00e0 15h00,<br>fermeture \u00e0 16h30<\/h2>\t\t\t\t<\/div>\n\t\t\t\t<\/div>\n\t\t\t\t<div class=\"elementor-element elementor-element-04e64e5 elementor-widget elementor-widget-heading\" data-id=\"04e64e5\" data-element_type=\"widget\" data-e-type=\"widget\" data-widget_type=\"heading.default\">\n\t\t\t\t<div class=\"elementor-widget-container\">\n\t\t\t\t\t<h2 class=\"elementor-heading-title elementor-size-default\">D\u00eener: de 19h30 \u00e0 22h00,<br>fermeture \u00e0 23h00<\/h2>\t\t\t\t<\/div>\n\t\t\t\t<\/div>\n\t\t\t\t<div class=\"elementor-element elementor-element-f599cd0 elementor-widget elementor-widget-heading\" data-id=\"f599cd0\" data-element_type=\"widget\" data-e-type=\"widget\" data-widget_type=\"heading.default\">\n\t\t\t\t<div class=\"elementor-widget-container\">\n\t\t\t\t\t<h2 class=\"elementor-heading-title elementor-size-default\">R\u00e9servation pr\u00e9alable indispensable.<\/h2>\t\t\t\t<\/div>\n\t\t\t\t<\/div>\n\t\t\t\t<div class=\"elementor-element elementor-element-7b1a574 elementor-widget elementor-widget-heading\" data-id=\"7b1a574\" data-element_type=\"widget\" data-e-type=\"widget\" data-widget_type=\"heading.default\">\n\t\t\t\t<div class=\"elementor-widget-container\">\n\t\t\t\t\t<h2 class=\"elementor-heading-title elementor-size-default\">Ouvert tous les jours.<br>\n(Lundi midi et mardi midi ferm\u00e9s).<\/h2>\t\t\t\t<\/div>\n\t\t\t\t<\/div>\n\t\t\t\t<div class=\"elementor-element elementor-element-459f021 elementor-widget-divider--view-line elementor-widget elementor-widget-divider\" data-id=\"459f021\" data-element_type=\"widget\" data-e-type=\"widget\" data-widget_type=\"divider.default\">\n\t\t\t\t<div class=\"elementor-widget-container\">\n\t\t\t\t\t\t\t<div class=\"elementor-divider\">\n\t\t\t<span class=\"elementor-divider-separator\">\n\t\t\t\t\t\t<\/span>\n\t\t<\/div>\n\t\t\t\t\t\t<\/div>\n\t\t\t\t<\/div>\n\t\t\t\t<div class=\"elementor-element elementor-element-c99f0bd elementor-widget elementor-widget-heading\" data-id=\"c99f0bd\" data-element_type=\"widget\" data-e-type=\"widget\" data-widget_type=\"heading.default\">\n\t\t\t\t<div class=\"elementor-widget-container\">\n\t\t\t\t\t<h2 class=\"elementor-heading-title elementor-size-default\"><strong>Horaires du service en chambre:<\/strong><\/h2>\t\t\t\t<\/div>\n\t\t\t\t<\/div>\n\t\t\t\t<div class=\"elementor-element elementor-element-ac1c65e elementor-widget elementor-widget-heading\" data-id=\"ac1c65e\" data-element_type=\"widget\" data-e-type=\"widget\" data-widget_type=\"heading.default\">\n\t\t\t\t<div class=\"elementor-widget-container\">\n\t\t\t\t\t<h2 class=\"elementor-heading-title elementor-size-default\">De 19h30 \u00e0 22h00<\/h2>\t\t\t\t<\/div>\n\t\t\t\t<\/div>\n\t\t\t\t<div class=\"elementor-element elementor-element-27ea83d elementor-widget elementor-widget-heading\" data-id=\"27ea83d\" data-element_type=\"widget\" data-e-type=\"widget\" data-widget_type=\"heading.default\">\n\t\t\t\t<div class=\"elementor-widget-container\">\n\t\t\t\t\t<h2 class=\"elementor-heading-title elementor-size-default\">Tous les jours.<\/h2>\t\t\t\t<\/div>\n\t\t\t\t<\/div>\n\t\t\t\t\t<\/div>\n\t\t<\/div>\n\t\t\t\t\t<\/div>\n\t\t<\/section>\n\t\t\t\t<section class=\"elementor-section elementor-top-section elementor-element elementor-element-c8db300 elementor-section-full_width elementor-hidden-desktop elementor-section-height-default elementor-section-height-default\" data-id=\"c8db300\" data-element_type=\"section\" data-e-type=\"section\" data-settings=\"{&quot;background_background&quot;:&quot;classic&quot;}\">\n\t\t\t\t\t\t<div class=\"elementor-container elementor-column-gap-default\">\n\t\t\t\t\t<div class=\"elementor-column elementor-col-100 elementor-top-column elementor-element elementor-element-8cc4428\" data-id=\"8cc4428\" data-element_type=\"column\" data-e-type=\"column\">\n\t\t\t<div class=\"elementor-widget-wrap elementor-element-populated\">\n\t\t\t\t\t\t<div class=\"elementor-element elementor-element-600c3e1 elementor-widget elementor-widget-image\" data-id=\"600c3e1\" data-element_type=\"widget\" data-e-type=\"widget\" data-widget_type=\"image.default\">\n\t\t\t\t<div class=\"elementor-widget-container\">\n\t\t\t\t\t\t\t\t\t\t\t\t\t\t\t<img decoding=\"async\" width=\"702\" height=\"865\" src=\"https:\/\/www.ijh.eus\/wp-content\/uploads\/2021\/08\/Iriarte-jauregia-identidad-corporativa-letras.png\" class=\"attachment-large size-large wp-image-124\" alt=\"\" srcset=\"https:\/\/www.ijh.eus\/wp-content\/uploads\/2021\/08\/Iriarte-jauregia-identidad-corporativa-letras.png 702w, https:\/\/www.ijh.eus\/wp-content\/uploads\/2021\/08\/Iriarte-jauregia-identidad-corporativa-letras-243x300.png 243w\" sizes=\"(max-width: 702px) 100vw, 702px\" \/>\t\t\t\t\t\t\t\t\t\t\t\t\t\t\t<\/div>\n\t\t\t\t<\/div>\n\t\t\t\t\t<\/div>\n\t\t<\/div>\n\t\t\t\t\t<\/div>\n\t\t<\/section>\n\t\t\t\t<\/div>\n\t\t","protected":false},"excerpt":{"rendered":"<p>T\u00c9L\u00c9CHARGEZ LE MENU Bistr\u00f3 IJH. La version traditionnelle et familiale de la cuisine de notre chef. Un espace gastronomique qui met en valeur une cuisine de qualit\u00e9, des recettes simples, traditionnelles et amusantes, por vous faire vivre des exp\u00e9riences culinaires. D\u00e9jeuner: de 13h00 \u00e0 15h00,fermeture \u00e0 16h30 D\u00eener: de 19h30 \u00e0 22h00,fermeture \u00e0 23h00 R\u00e9servation [&hellip;]<\/p>\n","protected":false},"author":1,"featured_media":0,"parent":0,"menu_order":0,"comment_status":"closed","ping_status":"closed","template":"elementor_canvas","meta":{"footnotes":""},"class_list":["post-654","page","type-page","status-publish","hentry"],"_links":{"self":[{"href":"https:\/\/www.ijh.eus\/fr\/wp-json\/wp\/v2\/pages\/654","targetHints":{"allow":["GET"]}}],"collection":[{"href":"https:\/\/www.ijh.eus\/fr\/wp-json\/wp\/v2\/pages"}],"about":[{"href":"https:\/\/www.ijh.eus\/fr\/wp-json\/wp\/v2\/types\/page"}],"author":[{"embeddable":true,"href":"https:\/\/www.ijh.eus\/fr\/wp-json\/wp\/v2\/users\/1"}],"replies":[{"embeddable":true,"href":"https:\/\/www.ijh.eus\/fr\/wp-json\/wp\/v2\/comments?post=654"}],"version-history":[{"count":38,"href":"https:\/\/www.ijh.eus\/fr\/wp-json\/wp\/v2\/pages\/654\/revisions"}],"predecessor-version":[{"id":1245,"href":"https:\/\/www.ijh.eus\/fr\/wp-json\/wp\/v2\/pages\/654\/revisions\/1245"}],"wp:attachment":[{"href":"https:\/\/www.ijh.eus\/fr\/wp-json\/wp\/v2\/media?parent=654"}],"curies":[{"name":"wp","href":"https:\/\/api.w.org\/{rel}","templated":true}]}}